{"id":223,"date":"2012-06-20T16:39:40","date_gmt":"2012-06-20T14:39:40","guid":{"rendered":"http:\/\/www.degravenvanleuven.nl\/gvl\/?page_id=223"},"modified":"2024-11-27T10:51:10","modified_gmt":"2024-11-27T09:51:10","slug":"oeteldonk","status":"publish","type":"page","link":"https:\/\/degravenvanleuven.nl\/gvl\/oeteldonk\/","title":{"rendered":"OETELDONK"},"content":{"rendered":"<div class=\"flex-1 overflow-hidden\">\n<div class=\"h-full\">\n<div class=\"react-scroll-to-bottom--css-xeaoj-79elbk h-full\">\n<div class=\"react-scroll-to-bottom--css-xeaoj-1n7m0yu\">\n<div class=\"flex flex-col text-sm md:pb-9\">\n<article class=\"w-full scroll-mb-[var(--thread-trailing-height,150px)] text-token-text-primary focus-visible:outline-2 focus-visible:outline-offset-[-4px]\" dir=\"auto\" data-testid=\"conversation-turn-3\" data-scroll-anchor=\"true\">\n<div class=\"m-auto text-base py-[18px] px-3 md:px-4 w-full md:px-5 lg:px-4 xl:px-5\">\n<div class=\"mx-auto flex flex-1 gap-4 text-base md:gap-5 lg:gap-6 md:max-w-3xl lg:max-w-[40rem] xl:max-w-[48rem]\">\n<div class=\"group\/conversation-turn relative flex w-full min-w-0 flex-col agent-turn\">\n<div class=\"flex-col gap-1 md:gap-3\">\n<div class=\"flex max-w-full flex-col flex-grow\">\n<div class=\"min-h-8 text-message flex w-full flex-col items-end gap-2 whitespace-normal break-words [.text-message+&amp;]:mt-5\" dir=\"auto\" data-message-author-role=\"assistant\" data-message-id=\"3c916ec5-91b7-4b47-b072-0ab178212771\" data-message-model-slug=\"gpt-4o\">\n<div class=\"flex w-full flex-col gap-1 empty:hidden first:pt-[3px]\">\n<div class=\"markdown prose w-full break-words dark:prose-invert light\">\n<p><strong>De Graven van Leuven: d\u00e9 Oeteldonkse beleving<\/strong><\/p>\n<p>Welkom bij <em>De Graven van Leuven<\/em>, het kloppende hart van Oeteldonk! Dit caf\u00e9 ademt de unieke sfeer van ons geliefde carnaval en is d\u00e9 plek waar muziek, gezelligheid en traditie samenkomen.<\/p>\n<p>Vanuit ons caf\u00e9 zetten we jaarlijks de toon met legendarische evenementen zoals <strong>Op Sjouw met Oe Jong<\/strong>, waar generaties samen genieten van muziek en sfeer. Of wat dacht je van <strong>Zo Zat as un Pinneke<\/strong>, een avond vol dolle pret, en het buitengewone <strong>buitencarnaval op het Durpsplein<\/strong>, waar het feest ook buiten onvergetelijk is?<\/p>\n<p><a ref=\"magnificPopup\" href=\"https:\/\/degravenvanleuven.nl\/gvl\/wp-content\/uploads\/2024\/11\/De-Vaste-Clique-FD-193.jpg\"><img loading=\"lazy\" decoding=\"async\" class=\"alignnone size-full wp-image-1484\" src=\"https:\/\/degravenvanleuven.nl\/gvl\/wp-content\/uploads\/2024\/11\/De-Vaste-Clique-FD-193.jpg\" alt=\"\" width=\"2048\" height=\"1365\" srcset=\"https:\/\/degravenvanleuven.nl\/gvl\/wp-content\/uploads\/2024\/11\/De-Vaste-Clique-FD-193.jpg 2048w, https:\/\/degravenvanleuven.nl\/gvl\/wp-content\/uploads\/2024\/11\/De-Vaste-Clique-FD-193-300x200.jpg 300w, https:\/\/degravenvanleuven.nl\/gvl\/wp-content\/uploads\/2024\/11\/De-Vaste-Clique-FD-193-1024x683.jpg 1024w\" sizes=\"auto, (max-width: 2048px) 100vw, 2048px\" \/><\/a>De Graven van Leuven is niet alleen een ontmoetingsplek, maar ook de thuisbasis van iconische Oeteldonkse clubkes als de <strong>Foe Jong Bende<\/strong>, <strong>Attenooije<\/strong>, en <strong>Cloep Nido de Lobo<\/strong>. Hier klinken de eerste noten van de Oeteldonkse muziek, die ons carnaval zo bijzonder maakt.<\/p>\n<p>Wat maakt ons echt Oeteldonks? De warme, feestelijke sfeer, het personeel dat altijd klaarstaat voor een koud Bavaria biertje, de bezoekers die als familie voelen, en natuurlijk de pure Oeteldonkse humor die hier altijd in de lucht hangt.<\/p>\n<p>Bij De Graven van Leuven vier je carnaval zoals het bedoeld is: \u00e9cht Oeteldonks, \u00e9cht onvergetelijk. Kom langs en proef de magie!<\/p>\n<\/div>\n<\/div>\n<\/div>\n<\/div>\n<\/div>\n<\/div>\n<\/div>\n<\/div>\n<\/article>\n<\/div>\n<\/div>\n<\/div>\n<\/div>\n<\/div>\n<p>&nbsp;<\/p>\n","protected":false},"excerpt":{"rendered":"<p>De Graven van Leuven: d\u00e9 Oeteldonkse beleving Welkom bij De Graven van Leuven, het kloppende hart van Oeteldonk! Dit caf\u00e9 ademt de unieke sfeer van ons geliefde carnaval en is d\u00e9 plek waar muziek, gezelligheid en traditie samenkomen. Vanuit ons caf\u00e9 zetten we jaarlijks de toon met legendarische evenementen zoals Op Sjouw met Oe Jong,&#8230;<\/p>\n","protected":false},"author":2,"featured_media":1483,"parent":0,"menu_order":0,"comment_status":"closed","ping_status":"closed","template":"","meta":{"footnotes":""},"class_list":["post-223","page","type-page","status-publish","has-post-thumbnail","hentry"],"_links":{"self":[{"href":"https:\/\/degravenvanleuven.nl\/gvl\/wp-json\/wp\/v2\/pages\/223","targetHints":{"allow":["GET"]}}],"collection":[{"href":"https:\/\/degravenvanleuven.nl\/gvl\/wp-json\/wp\/v2\/pages"}],"about":[{"href":"https:\/\/degravenvanleuven.nl\/gvl\/wp-json\/wp\/v2\/types\/page"}],"author":[{"embeddable":true,"href":"https:\/\/degravenvanleuven.nl\/gvl\/wp-json\/wp\/v2\/users\/2"}],"replies":[{"embeddable":true,"href":"https:\/\/degravenvanleuven.nl\/gvl\/wp-json\/wp\/v2\/comments?post=223"}],"version-history":[{"count":15,"href":"https:\/\/degravenvanleuven.nl\/gvl\/wp-json\/wp\/v2\/pages\/223\/revisions"}],"predecessor-version":[{"id":1486,"href":"https:\/\/degravenvanleuven.nl\/gvl\/wp-json\/wp\/v2\/pages\/223\/revisions\/1486"}],"wp:featuredmedia":[{"embeddable":true,"href":"https:\/\/degravenvanleuven.nl\/gvl\/wp-json\/wp\/v2\/media\/1483"}],"wp:attachment":[{"href":"https:\/\/degravenvanleuven.nl\/gvl\/wp-json\/wp\/v2\/media?parent=223"}],"curies":[{"name":"wp","href":"https:\/\/api.w.org\/{rel}","templated":true}]}}